{"id":121,"date":"2023-10-27T11:14:53","date_gmt":"2023-10-27T11:14:53","guid":{"rendered":"https:\/\/kandiamerica1.wpenginepowered.com\/?post_type=product&#038;p=121"},"modified":"2025-03-04T22:54:02","modified_gmt":"2025-03-04T22:54:02","slug":"kruiser-4p","status":"publish","type":"product","link":"https:\/\/www.kandicanada.com\/ca-fr\/produit\/kruiser-4p\/","title":{"rendered":"Kruiser 4P"},"content":{"rendered":"<h2>Moteur \u00e9lectrique puissant et efficace<\/h2>\n<p>The Kruiser 4P Off Road Golf Cart has an AC Electric Motor that is rated at 5,000 watts, providing ample power for any terrain. It is also energy-efficient, allowing for longer driving ranges between charges.<\/p>\n<p>&nbsp;<\/p>\n<h2>Batterie de tr\u00e8s longue dur\u00e9e<\/h2>\n<p>Nos chariots de golf sont \u00e9quip\u00e9s d'une batterie de 48V compos\u00e9e de batteries \u00e0 d\u00e9charge profonde de 6 ou 8V. Cela permet une autonomie de 40 miles avec une seule charge, ce qui est parfait pour les longues journ\u00e9es sur le parcours.<\/p>\n<p><img fetchpriority=\"high\" decoding=\"async\" class=\"aligncenter size-full wp-image-350 no-lazyload\" src=\"https:\/\/www.kandicanada.com\/wp-content\/uploads\/2023\/10\/90-1.jpg\" alt=\"Kruiser 4P\" width=\"968\" height=\"552\" srcset=\"https:\/\/www.kandicanada.com\/wp-content\/uploads\/2023\/10\/90-1.jpg 968w, https:\/\/www.kandicanada.com\/wp-content\/uploads\/2023\/10\/90-1-600x342.jpg 600w, https:\/\/www.kandicanada.com\/wp-content\/uploads\/2023\/10\/90-1-300x171.jpg 300w, https:\/\/www.kandicanada.com\/wp-content\/uploads\/2023\/10\/90-1-768x438.jpg 768w\" sizes=\"(max-width: 968px) 100vw, 968px\" \/><\/p>\n<h2>Chargement rapide comme l'\u00e9clair pour un temps de jeu ininterrompu<\/h2>\n<p>Chargez votre chariot de golf \u00e9lectrique 4 passagers pendant la nuit, et il sera pr\u00eat en seulement 6,5 heures \u00e0 l'aide d'un port de charge standard de 120 V.<\/p>\n<p><img decoding=\"async\" class=\"aligncenter size-full wp-image-356 no-lazyload\" src=\"https:\/\/www.kandicanada.com\/wp-content\/uploads\/2023\/10\/96-1.jpg\" alt=\"Kruiser 4P\" width=\"968\" height=\"552\" srcset=\"https:\/\/www.kandicanada.com\/wp-content\/uploads\/2023\/10\/96-1.jpg 968w, https:\/\/www.kandicanada.com\/wp-content\/uploads\/2023\/10\/96-1-600x342.jpg 600w, https:\/\/www.kandicanada.com\/wp-content\/uploads\/2023\/10\/96-1-300x171.jpg 300w, https:\/\/www.kandicanada.com\/wp-content\/uploads\/2023\/10\/96-1-768x438.jpg 768w\" sizes=\"(max-width: 968px) 100vw, 968px\" \/><\/p>\n<h2>Suspension \u00e0 roulement doux garanti<\/h2>\n<p>Nos chariots de golf sont \u00e9quip\u00e9s d'une suspension ind\u00e9pendante \u00e0 jambes de force MacPherson \u00e0 l'avant et d'un essieu droit \u00e0 bras oscillant \u00e0 l'arri\u00e8re, ce qui assure une conduite souple et confortable. Cette caract\u00e9ristique vous permet de rester \u00e0 l'aise sur tous les terrains, y compris les surfaces bossel\u00e9es ou irr\u00e9guli\u00e8res.<\/p>\n<p><img decoding=\"async\" class=\"aligncenter size-full wp-image-353 no-lazyload\" src=\"https:\/\/www.kandicanada.com\/wp-content\/uploads\/2023\/10\/93-1.jpg\" alt=\"Kruiser 4P\" width=\"968\" height=\"552\" srcset=\"https:\/\/www.kandicanada.com\/wp-content\/uploads\/2023\/10\/93-1.jpg 968w, https:\/\/www.kandicanada.com\/wp-content\/uploads\/2023\/10\/93-1-600x342.jpg 600w, https:\/\/www.kandicanada.com\/wp-content\/uploads\/2023\/10\/93-1-300x171.jpg 300w, https:\/\/www.kandicanada.com\/wp-content\/uploads\/2023\/10\/93-1-768x438.jpg 768w\" sizes=\"(max-width: 968px) 100vw, 968px\" \/><\/p>\n<h2>Design \u00e9pur\u00e9 et moderne<\/h2>\n<p>Nos chariots de golf \u00e9lectriques sont disponibles dans une vari\u00e9t\u00e9 de couleurs, y compris le bleu, le noir, le rouge, l'argent, le noir mat et le blanc. Associ\u00e9s \u00e0 des roues en aluminium, nos chariots de golf \u00e9lectriques tout-terrain d\u00e9gagent un charme moderne.<\/p>\n<p><img loading=\"lazy\" decoding=\"async\" class=\"aligncenter size-full wp-image-362 no-lazyload\" src=\"https:\/\/www.kandicanada.com\/wp-content\/uploads\/2023\/10\/128-1.jpg\" alt=\"Kruiser 4P\" width=\"968\" height=\"552\" srcset=\"https:\/\/www.kandicanada.com\/wp-content\/uploads\/2023\/10\/128-1.jpg 968w, https:\/\/www.kandicanada.com\/wp-content\/uploads\/2023\/10\/128-1-600x342.jpg 600w, https:\/\/www.kandicanada.com\/wp-content\/uploads\/2023\/10\/128-1-300x171.jpg 300w, https:\/\/www.kandicanada.com\/wp-content\/uploads\/2023\/10\/128-1-768x438.jpg 768w\" sizes=\"auto, (max-width: 968px) 100vw, 968px\" \/><\/p>\n<h2>Des si\u00e8ges spacieux et confortables<\/h2>\n<p>Nos chariots de golf \u00e9lectriques pour 4 personnes disposent de si\u00e8ges spacieux et confortables avec beaucoup d'espace pour les jambes et la t\u00eate. Il est ainsi facile de transporter un groupe d'amis ou de membres de la famille avec style et confort.<\/p>\n<p><img loading=\"lazy\" decoding=\"async\" class=\"aligncenter size-full wp-image-345 no-lazyload\" src=\"https:\/\/www.kandicanada.com\/wp-content\/uploads\/2023\/10\/122-1.jpg\" alt=\"Kruiser 4P\" width=\"968\" height=\"552\" srcset=\"https:\/\/www.kandicanada.com\/wp-content\/uploads\/2023\/10\/122-1.jpg 968w, https:\/\/www.kandicanada.com\/wp-content\/uploads\/2023\/10\/122-1-600x342.jpg 600w, https:\/\/www.kandicanada.com\/wp-content\/uploads\/2023\/10\/122-1-300x171.jpg 300w, https:\/\/www.kandicanada.com\/wp-content\/uploads\/2023\/10\/122-1-768x438.jpg 768w\" sizes=\"auto, (max-width: 968px) 100vw, 968px\" \/><\/p>\n<h2>Silencieux et \u00e9cologique<\/h2>\n<p>Nos chariots de golf \u00e9lectriques sont silencieux et ne produisent aucune \u00e9mission, ce qui en fait un choix \u00e9cologique pour tous ceux qui souhaitent r\u00e9duire leur empreinte carbone. Cette caract\u00e9ristique est particuli\u00e8rement int\u00e9ressante pour ceux qui vivent dans des communaut\u00e9s soucieuses de l'environnement.<\/p>\n<p><img loading=\"lazy\" decoding=\"async\" class=\"aligncenter size-full wp-image-346 no-lazyload\" src=\"https:\/\/www.kandicanada.com\/wp-content\/uploads\/2023\/10\/123-1.jpg\" alt=\"Kruiser 4P\" width=\"968\" height=\"552\" srcset=\"https:\/\/www.kandicanada.com\/wp-content\/uploads\/2023\/10\/123-1.jpg 968w, https:\/\/www.kandicanada.com\/wp-content\/uploads\/2023\/10\/123-1-600x342.jpg 600w, https:\/\/www.kandicanada.com\/wp-content\/uploads\/2023\/10\/123-1-300x171.jpg 300w, https:\/\/www.kandicanada.com\/wp-content\/uploads\/2023\/10\/123-1-768x438.jpg 768w\" sizes=\"auto, (max-width: 968px) 100vw, 968px\" \/><\/p>\n<h2>Garantie limit\u00e9e de deux ans<\/h2>\n<p>Votre tranquillit\u00e9 d'esprit est notre priorit\u00e9. C'est pourquoi nous offrons une garantie limit\u00e9e de deux ans sur nos chariots de golf tout-terrain.<\/p>","protected":false},"excerpt":{"rendered":"<p>Bienvenue dans notre chariot de golf \u00e9lectrique tout-terrain haut de gamme ! Nos chariots sont con\u00e7us pour le golfeur, offrant une conduite souple, silencieuse et respectueuse de l'environnement sur les greens. D\u00e9couvrez ce qui fait de ce chariot de golf \u00e9lectrique pour 4 personnes un choix de premier ordre pour les greens et les aventures tout-terrain :<\/p>","protected":false},"featured_media":344,"template":"","meta":{"_acf_changed":false},"product_brand":[],"product_cat":[30,17],"product_tag":[],"class_list":{"0":"post-121","1":"product","2":"type-product","3":"status-publish","4":"has-post-thumbnail","6":"product_cat-4-person-golf-carts","7":"product_cat-electric-golf-carts","9":"first","10":"instock","11":"shipping-taxable","12":"product-type-simple"},"acf":[],"_links":{"self":[{"href":"https:\/\/www.kandicanada.com\/ca-fr\/wp-json\/wp\/v2\/product\/121","targetHints":{"allow":["GET"]}}],"collection":[{"href":"https:\/\/www.kandicanada.com\/ca-fr\/wp-json\/wp\/v2\/product"}],"about":[{"href":"https:\/\/www.kandicanada.com\/ca-fr\/wp-json\/wp\/v2\/types\/product"}],"wp:featuredmedia":[{"embeddable":true,"href":"https:\/\/www.kandicanada.com\/ca-fr\/wp-json\/wp\/v2\/media\/344"}],"wp:attachment":[{"href":"https:\/\/www.kandicanada.com\/ca-fr\/wp-json\/wp\/v2\/media?parent=121"}],"wp:term":[{"taxonomy":"product_brand","embeddable":true,"href":"https:\/\/www.kandicanada.com\/ca-fr\/wp-json\/wp\/v2\/product_brand?post=121"},{"taxonomy":"product_cat","embeddable":true,"href":"https:\/\/www.kandicanada.com\/ca-fr\/wp-json\/wp\/v2\/product_cat?post=121"},{"taxonomy":"product_tag","embeddable":true,"href":"https:\/\/www.kandicanada.com\/ca-fr\/wp-json\/wp\/v2\/product_tag?post=121"}],"curies":[{"name":"wp","href":"https:\/\/api.w.org\/{rel}","templated":true}]}}